{"id":1716,"date":"2021-09-16T12:25:05","date_gmt":"2021-09-16T12:25:05","guid":{"rendered":"https:\/\/kilian-gruppe.de\/imprint\/"},"modified":"2023-02-10T07:20:53","modified_gmt":"2023-02-10T07:20:53","slug":"imprint","status":"publish","type":"page","link":"https:\/\/kilian-gruppe.de\/en\/imprint\/","title":{"rendered":"Imprint"},"content":{"rendered":"&#13;\n<p><strong>Information according to \u00a7 5 TMG<\/strong><\/p>&#13;\n\r\n<p>Kilian Projektmanagement Berlin GmbH<br \/>Fasanenstra\u00dfe 69<br \/>10719 Berlin<\/p>\r\n<p>Kilian Projektmanagement Berlin GmbH is a limited liability company pursuant to the German Limited Liability Company Act (GmbH-Gesetz) with its registered office in Berlin, registered in the Commercial Register of the Charlottenburg Local Court under the number HRB 26917 B.<\/p>\r\n<p><strong>Vertretungsberechtigte Gesch\u00e4ftsf\u00fchrer:<\/strong><br \/>J\u00fcrgen Kilian<br \/>Jan Kleinebecker<\/p>\r\n<p><strong>Kontakt:<\/strong><br \/>Telefon: 030 887 25 2 0<br \/>Fax: 030 887 25 2 51<br \/>E-Mail:\u00a0<a href=\"mailto:info@kilian-gruppe.de\">info@kilian-gruppe.de<\/a><\/p>\r\n<p><strong>Umsatzsteuer-Identifikationsnummer (\u00a7 27a Umsatzsteuergesetz):<\/strong><br \/>DE 27\/449\/2579<\/p>\r\n<p><strong>Verantwortlicher im Sinne des \u00a7 18 Abs. 2 Medienstaatsvertrag:<\/strong><br \/>Jan Lerch<br \/>Fasanenstra\u00dfe 69<br \/>10719 Berlin<\/p>\r\n<p><strong>Haftung:<\/strong><br \/>Alle Inhalte werden mit der gebotenen Sorgfalt und nach bestem Wissen erstellt. Wir sind f\u00fcr die eigenen Inhalte unserer Website nach Ma\u00dfgabe der allgemeinen Gesetze, insbesondere nach\u00a0\u00a7\u00a07\u00a0Abs.\u00a01\u00a0des Telemediengesetzes, verantwortlich.<br \/>Von diesen eigenen Inhalten sind Querverweise (\u201eLinks\u201c) auf die von anderen Anbietern bereitgehaltenen Inhalte zu unterscheiden. Diese fremden Inhalte wurden bei der erstmaligen Link-Setzung daraufhin \u00fcberpr\u00fcft, ob durch sie eine m\u00f6gliche zivilrechtliche oder strafrechtliche Verantwortlichkeit ausgel\u00f6st wird. Es ist jedoch nicht auszuschlie\u00dfen, dass die Inhalte im Nachhinein von den jeweiligen Anbietern ver\u00e4ndert werden. Wir \u00fcberpr\u00fcfen die Inhalte, auf die wir durch Links verweisen, nicht st\u00e4ndig auf Ver\u00e4nderungen, die eine Verantwortlichkeit neu begr\u00fcnden k\u00f6nnten. Sollten Sie der Ansicht sein, dass die verlinkten externen Seiten gegen geltendes Recht versto\u00dfen oder sonst unangemessene Inhalte haben, so teilen Sie uns dies bitte mit.<br \/>Die rechtlichen Hinweise auf dieser Seite sowie alle Fragen und Streitigkeiten im Zusammenhang mit der Gestaltung dieser Website unterliegen dem Recht der Bundesrepublik Deutschland.<\/p>\r\n<p><strong>Urheberrechtshinweis:<\/strong><br \/>Diese Website beinhaltet Daten und Informationen (z.B. Texte, Bilder, Fotos, Videos oder Grafiken), die in der Regel marken- und\/oder urheberrechtlich zugunsten von uns oder im Einzelfall auch zugunsten Dritter gesch\u00fctzt sind.<br \/>Jede Verwendung (insbesondere die Vervielf\u00e4ltigung, Bearbeitung oder Verbreitung) dieser urheberrechtsgesch\u00fctzten Inhalte ohne vorherige Zustimmung des jeweiligen Rechtsinhabers ist daher untersagt. Gestattet ist jedoch die technisch bedingte Vervielf\u00e4ltigung zum Zwecke des Browsing, soweit diese Handlung keinen wirtschaftlichen Zwecken dient, sowie die dauerhafte Vervielf\u00e4ltigung f\u00fcr den eigenen Gebrauch.<br \/>Sollten Sie auf eine Urheberrechtsverletzung aufmerksam werden, bitten wir um einen entsprechenden Hinweis.<\/p>\r\n&#13;\n<p><strong>Website Design &amp; Umsetzung:<\/strong><br\/>Made with love by Mamapapacola Advertising GmbH<br\/><a href=\"mailto:info@mamapapacola.com\">info@mamapapacola.com<\/a><\/p>&#13;\n","protected":false},"excerpt":{"rendered":"<p>&#13; Information according to \u00a7 5 TMG &#13; Kilian Projektmanagement Berlin GmbHFasanenstra\u00dfe 6910719 Berlin Kilian Projektmanagement Berlin GmbH is a limited liability company pursuant to the German Limited Liability Company Act (GmbH-Gesetz) with its registered office in Berlin, registered in the Commercial Register of the Charlottenburg Local Court under the number HRB 26917 B. Vertretungsberechtigte [&hellip;]<\/p>\n","protected":false},"author":1,"featured_media":0,"parent":0,"menu_order":0,"comment_status":"closed","ping_status":"closed","template":"","meta":{"_acf_changed":false,"inline_featured_image":false,"_monsterinsights_skip_tracking":false,"_monsterinsights_sitenote_active":false,"_monsterinsights_sitenote_note":"","_monsterinsights_sitenote_category":0,"footnotes":""},"class_list":["post-1716","page","type-page","status-publish","hentry"],"acf":[],"aioseo_notices":[],"_links":{"self":[{"href":"https:\/\/kilian-gruppe.de\/en\/wp-json\/wp\/v2\/pages\/1716","targetHints":{"allow":["GET"]}}],"collection":[{"href":"https:\/\/kilian-gruppe.de\/en\/wp-json\/wp\/v2\/pages"}],"about":[{"href":"https:\/\/kilian-gruppe.de\/en\/wp-json\/wp\/v2\/types\/page"}],"author":[{"embeddable":true,"href":"https:\/\/kilian-gruppe.de\/en\/wp-json\/wp\/v2\/users\/1"}],"replies":[{"embeddable":true,"href":"https:\/\/kilian-gruppe.de\/en\/wp-json\/wp\/v2\/comments?post=1716"}],"version-history":[{"count":0,"href":"https:\/\/kilian-gruppe.de\/en\/wp-json\/wp\/v2\/pages\/1716\/revisions"}],"wp:attachment":[{"href":"https:\/\/kilian-gruppe.de\/en\/wp-json\/wp\/v2\/media?parent=1716"}],"curies":[{"name":"wp","href":"https:\/\/api.w.org\/{rel}","templated":true}]}}